{"id":267,"date":"2018-06-06T12:09:06","date_gmt":"2018-06-06T10:09:06","guid":{"rendered":"https:\/\/spsc2018.at\/?page_id=267"},"modified":"2018-12-05T09:59:02","modified_gmt":"2018-12-05T08:59:02","slug":"agb","status":"publish","type":"page","link":"https:\/\/blog.fs1.tv\/spsc2018\/agb\/","title":{"rendered":"AGB"},"content":{"rendered":"<div class=\"entry-content\">\n<p><span style=\"font-size: 12pt;\">Allgemeine Gesch\u00e4ftsbedingungen <a href=\"https:\/\/salzburg-filmedition.at\">https:\/\/spsc2018.at<\/a><\/span><\/p>\n<ul>\n<li><span style=\"font-size: 12pt;\">FS1 Salzburg betreibt die Website des <strong>Salzburg Peace Song Contest 2018 <\/strong>f\u00fcr das Streamen von in einem Wettbewerb hochgeladenen Filmen.<\/span><\/li>\n<li><span style=\"font-size: 12pt;\">Der\/Die Werkschaffende stellt sein\/ihr Werk in Audio (mp3) oder Video (mp4) zur Verf\u00fcgung.<\/span><\/li>\n<li><span style=\"font-size: 12pt;\">Der\/die Werkschaffende r\u00e4umt den Betreibern dieser Website das \u00f6rtlich, zeitlich und inhaltlich unbeschr\u00e4nkte Zurverf\u00fcgungsstellungsrecht zum Streaming des Filmes auf der WebSite\u00a0<strong>Salzburg Peace Song Contest 2018 <\/strong>ein.<\/span><\/li>\n<li><span style=\"font-size: 12pt;\">Die Betreiber dieser Website versichern, das lediglich ein Stream und keine Downloadfunktion \u00fcber diese Website angeboten wird.<\/span><\/li>\n<li><span style=\"font-size: 12pt;\">Der\/Die Werkschaffende r\u00e4umt das nicht-exklusive Recht ein, den Namen\/K\u00fcnstlernamen des\/der Werkschaffenden zur Verwertung der Website sowie zu deren Bewerbung zu verwenden.<\/span><\/li>\n<li><span style=\"font-size: 12pt;\">F\u00fcr den Fall, dass der\/die Werkschaffende in seinem\/ihrem Werk bzw. in seinen\/ihren auf dieser Site ver\u00f6ffentlichten Werken Werke Dritter (Musik, Bild, Video, Multimedia etc.) oder Ausschnitte davon verwendet, sichert der\/die Werkschaffende zu, dass die Urheber dieser Werke bzw. sonstige Berechtigte dem\/der Werkschaffende alle Werknutzungsrechte, die f\u00fcr das gegenst\u00e4ndliche Projekt erforderlich sind, einger\u00e4umt haben und dass der\/die Werkschaffende erm\u00e4chtigt ist, alle f\u00fcr das Projekt <strong>Salzburg Peace Song Contest 2018 <\/strong> notwendigen Werknutzungsrechte an die Vertragspartner zu \u00fcbertragen.<\/span><\/li>\n<li><span style=\"font-size: 12pt;\">Der\/Die Werkschaffende sichert zu, dass das obengenannte Werk\/die oben genannten Werke keine wie auch immer gearteten Rechte Dritter verletzt\/verletzen.<\/span><\/li>\n<li><span style=\"font-size: 12pt;\">Der\/Die Werkschaffende, als auch die Betreiber dieser Website sind nicht berechtigt, die ihnen in diesem Vertrag einger\u00e4umten Rechte zur G\u00e4nze oder zum Teil an Dritte zu \u00fcbertragen oder Dritten Werknutzungsrechte einzur\u00e4umen oder Werknutzungsbewilligungen zu erteilen.<\/span><\/li>\n<li><span style=\"font-size: 12pt;\">Auf diesen Vertrag findet, unter Ausschluss von Kollisionsnormen, ausschlie\u00dflich \u00f6sterreichisches Recht Anwendung. Gerichtsstand ist das sachlich zust\u00e4ndige Gericht in der Stadt Salzburg.<\/span><\/li>\n<\/ul>\n<\/div>\n","protected":false},"excerpt":{"rendered":"<p>Allgemeine Gesch\u00e4ftsbedingungen https:\/\/spsc2018.at FS1 Salzburg betreibt die Website des Salzburg Peace Song Contest 2018 f\u00fcr das Streamen von in einem Wettbewerb hochgeladenen Filmen. Der\/Die Werkschaffende stellt sein\/ihr Werk in Audio (mp3) oder Video (mp4) zur Verf\u00fcgung. Der\/die Werkschaffende r\u00e4umt den Betreibern dieser Website das \u00f6rtlich, zeitlich und inhaltlich unbeschr\u00e4nkte Zurverf\u00fcgungsstellungsrecht zum Streaming des Filmes auf [&hellip;]<\/p>\n","protected":false},"author":737,"featured_media":0,"parent":0,"menu_order":0,"comment_status":"closed","ping_status":"closed","template":"","meta":{"_acf_changed":false,"footnotes":""},"class_list":["post-267","page","type-page","status-publish","hentry"],"acf":[],"_links":{"self":[{"href":"https:\/\/blog.fs1.tv\/spsc2018\/wp-json\/wp\/v2\/pages\/267","targetHints":{"allow":["GET"]}}],"collection":[{"href":"https:\/\/blog.fs1.tv\/spsc2018\/wp-json\/wp\/v2\/pages"}],"about":[{"href":"https:\/\/blog.fs1.tv\/spsc2018\/wp-json\/wp\/v2\/types\/page"}],"author":[{"embeddable":true,"href":"https:\/\/blog.fs1.tv\/spsc2018\/wp-json\/wp\/v2\/users\/737"}],"replies":[{"embeddable":true,"href":"https:\/\/blog.fs1.tv\/spsc2018\/wp-json\/wp\/v2\/comments?post=267"}],"version-history":[{"count":9,"href":"https:\/\/blog.fs1.tv\/spsc2018\/wp-json\/wp\/v2\/pages\/267\/revisions"}],"predecessor-version":[{"id":503,"href":"https:\/\/blog.fs1.tv\/spsc2018\/wp-json\/wp\/v2\/pages\/267\/revisions\/503"}],"wp:attachment":[{"href":"https:\/\/blog.fs1.tv\/spsc2018\/wp-json\/wp\/v2\/media?parent=267"}],"curies":[{"name":"wp","href":"https:\/\/api.w.org\/{rel}","templated":true}]}}