{"id":122,"date":"2018-05-16T16:13:02","date_gmt":"2018-05-16T14:13:02","guid":{"rendered":"https:\/\/spsc2018.at\/?page_id=122"},"modified":"2019-11-14T12:53:35","modified_gmt":"2019-11-14T11:53:35","slug":"informationen","status":"publish","type":"page","link":"https:\/\/blog.fs1.tv\/spsc2018\/informationen\/","title":{"rendered":"Informationen zum Projekt"},"content":{"rendered":"\n\t<h3>#SPSC2018<\/h3>\n<p>Der \u201eSalzburg Peace Song Contest\u201c kurz #SPSC2018 soll im Rahmen des \u201eStille Nacht Jahres\u201c 2018 einen Appell f\u00fcr mehr Frieden und Gemeinschaft von Salzburg aus in die Welt tragen.<\/p>\n<p>#SPSC2018 gibt eine M\u00f6glichkeit die Sehnsucht und Forderung nach Frieden weiterzuf\u00fchren und neu zu interpretieren. Du kannst dich sowohl inhaltlich als auch pers\u00f6nlich mit dem Thema Krieg und Gewalt in einer kreativen Art und Weise auseinandersetzen.<\/p>\n<h3>Wettbewerb<\/h3>\n<p>Produziere dein Lied mit deiner Friedensbotschaft und gewinne <strong>\u20ac 500,-<\/strong> in bar! Du hast schon eine erste Idee oder gar ein Musikvideo parat? Dann mach mit!<\/p>\n<p>Lade deinen Song in Audio oder Videoformat hoch oder teile deinen YouTube oder Soundcloud Link unter <a href=\"https:\/\/spsc2018.at\/mitmachen\/\">SPSC2018.at\/mitmachen<\/a>. Die Besucher und Besucherinnen entscheiden mittels Bewertung auf SPSC2018.at und treffen dadurch eine Vorauswahl. Aus dieser k\u00fcrt die Jury ein Gewinnerprojekt\u2013 mit etwas Gl\u00fcck ist es deins!<\/p>\n<p>Tolle Preise erwarten dich: Gewinne <strong>\u20ac 500,- in bar<\/strong> sowie deine <strong>professionelle Musikvideoproduktion<\/strong> mit Coaches von <a href=\"http:\/\/www.fs1.tv\" target=\"_blank\" rel=\"noopener noreferrer\">FS1<\/a> und der <a href=\"https:\/\/medienwerkstatt-salzburg.at\/\">medien-werkstatt Salzburg<\/a>. Dieses wird anschlie\u00dfend in ganz \u00d6sterreich \u00fcber Partner*innensender in Radio und TV ausgestrahlt.<\/p>\n<p>Teilnahmeschluss ist 21.01.2019.<\/p>\n\t<h3>Kalender<\/h3>\n<strong>ab 24\/05\/2018<br \/>\n<\/strong>Beginn Workshopangebote\n<strong>ab 24\/06\/2018<br \/>\n<\/strong>Einreichbeginn\n<strong>21\/01\/2019<br \/>\n<\/strong>Einreichschluss\n<strong>24\/01\/2019<br \/>\n<\/strong>Abschlussveranstaltung &amp; Pr\u00e4mierung des Gewinnerprojekts\n<p>Info &amp; Anmeldung: <a href=\"mailto:info@spsc2018.at\">info@spsc2018.at<\/a><\/p>\n","protected":false},"excerpt":{"rendered":"<p>#SPSC2018 Der \u201eSalzburg Peace Song Contest\u201c kurz #SPSC2018 soll im Rahmen des \u201eStille Nacht Jahres\u201c 2018 einen Appell f\u00fcr mehr Frieden und Gemeinschaft von Salzburg aus in die Welt tragen. #SPSC2018 gibt eine M\u00f6glichkeit die Sehnsucht und Forderung nach Frieden weiterzuf\u00fchren und neu zu interpretieren. Du kannst dich sowohl inhaltlich als auch pers\u00f6nlich mit dem [&hellip;]<\/p>\n","protected":false},"author":737,"featured_media":0,"parent":0,"menu_order":0,"comment_status":"closed","ping_status":"closed","template":"","meta":{"_acf_changed":false,"footnotes":""},"class_list":["post-122","page","type-page","status-publish","hentry"],"acf":[],"_links":{"self":[{"href":"https:\/\/blog.fs1.tv\/spsc2018\/wp-json\/wp\/v2\/pages\/122","targetHints":{"allow":["GET"]}}],"collection":[{"href":"https:\/\/blog.fs1.tv\/spsc2018\/wp-json\/wp\/v2\/pages"}],"about":[{"href":"https:\/\/blog.fs1.tv\/spsc2018\/wp-json\/wp\/v2\/types\/page"}],"author":[{"embeddable":true,"href":"https:\/\/blog.fs1.tv\/spsc2018\/wp-json\/wp\/v2\/users\/737"}],"replies":[{"embeddable":true,"href":"https:\/\/blog.fs1.tv\/spsc2018\/wp-json\/wp\/v2\/comments?post=122"}],"version-history":[{"count":24,"href":"https:\/\/blog.fs1.tv\/spsc2018\/wp-json\/wp\/v2\/pages\/122\/revisions"}],"predecessor-version":[{"id":617,"href":"https:\/\/blog.fs1.tv\/spsc2018\/wp-json\/wp\/v2\/pages\/122\/revisions\/617"}],"wp:attachment":[{"href":"https:\/\/blog.fs1.tv\/spsc2018\/wp-json\/wp\/v2\/media?parent=122"}],"curies":[{"name":"wp","href":"https:\/\/api.w.org\/{rel}","templated":true}]}}