{"id":9,"date":"2018-02-10T10:22:14","date_gmt":"2018-02-10T09:22:14","guid":{"rendered":"http:\/\/shape-your-eu-parliament.at\/?page_id=9"},"modified":"2018-07-03T08:27:09","modified_gmt":"2018-07-03T06:27:09","slug":"start","status":"publish","type":"page","link":"https:\/\/blog.fs1.tv\/shape-your-eu-parliament\/","title":{"rendered":"Shape your EU Parliament"},"content":{"rendered":"<p>Vielen Dank f\u00fcr Eure tollen Filme.<\/p>\n<p>Hier die Gewinner des Trickfilmwettbewerbs:<\/p>\n<ol>\n<li><span style=\"font-size: 14pt\"><strong>Platz 4GRS des BG St. Johann<\/strong><\/span><\/li>\n<li><span style=\"font-size: 14pt\"><strong>Platz 3HWK des Multiaugustinum St. Margarethen im Lungau<\/strong><\/span><\/li>\n<li><span style=\"font-size: 14pt\"><strong>3 AHMNM der HTL Salzburg UND H\u00f6ll\/Habersatter\/Pilz aus dem BORG Radstadt<\/strong><\/span><\/li>\n<\/ol>\n<p><span style=\"color: #ff0000\"><strong><em>Wir gratulieren!<\/em><\/strong><\/span><\/p>\n<p>Vor dem Hintergrund der im Fr\u00fchjahr 2019 stattfindenden Europaparlamentswahlen haben sich Jugendliche aus Salzburgs Schulen Gedanken \u00fcber die Zukunft bzw. Form ihres Europ\u00e4ischen Parlaments gemacht und ihre Vorstellungen in einen kurzen Trickfilm-Online-Videoclip pr\u00e4sentiert.<\/p>\n<p>Das Projekt ist eine Initiative des Landes Salzburg &#8211; Stabsstelle EU-B\u00fcrgerservice und Europe Direct &#8211; und wird gemeinsam mit dem Kooperationspartner FS 1 durchgef\u00fchrt.<\/p>\n<p>&nbsp;<\/p>\n","protected":false},"excerpt":{"rendered":"<p>Vielen Dank f\u00fcr Eure tollen Filme. Hier die Gewinner des Trickfilmwettbewerbs: Platz 4GRS des BG St. Johann Platz 3HWK des Multiaugustinum St. Margarethen im Lungau 3 AHMNM der HTL Salzburg UND H\u00f6ll\/Habersatter\/Pilz aus dem BORG Radstadt Wir gratulieren! Vor dem Hintergrund der im Fr\u00fchjahr 2019 stattfindenden Europaparlamentswahlen haben sich Jugendliche aus Salzburgs Schulen Gedanken \u00fcber [&hellip;]<\/p>\n","protected":false},"author":717,"featured_media":0,"parent":0,"menu_order":0,"comment_status":"closed","ping_status":"closed","template":"","meta":{"_acf_changed":false,"footnotes":""},"class_list":["post-9","page","type-page","status-publish","hentry"],"acf":[],"_links":{"self":[{"href":"https:\/\/blog.fs1.tv\/shape-your-eu-parliament\/wp-json\/wp\/v2\/pages\/9","targetHints":{"allow":["GET"]}}],"collection":[{"href":"https:\/\/blog.fs1.tv\/shape-your-eu-parliament\/wp-json\/wp\/v2\/pages"}],"about":[{"href":"https:\/\/blog.fs1.tv\/shape-your-eu-parliament\/wp-json\/wp\/v2\/types\/page"}],"author":[{"embeddable":true,"href":"https:\/\/blog.fs1.tv\/shape-your-eu-parliament\/wp-json\/wp\/v2\/users\/717"}],"replies":[{"embeddable":true,"href":"https:\/\/blog.fs1.tv\/shape-your-eu-parliament\/wp-json\/wp\/v2\/comments?post=9"}],"version-history":[{"count":12,"href":"https:\/\/blog.fs1.tv\/shape-your-eu-parliament\/wp-json\/wp\/v2\/pages\/9\/revisions"}],"predecessor-version":[{"id":166,"href":"https:\/\/blog.fs1.tv\/shape-your-eu-parliament\/wp-json\/wp\/v2\/pages\/9\/revisions\/166"}],"wp:attachment":[{"href":"https:\/\/blog.fs1.tv\/shape-your-eu-parliament\/wp-json\/wp\/v2\/media?parent=9"}],"curies":[{"name":"wp","href":"https:\/\/api.w.org\/{rel}","templated":true}]}}