{"id":2,"date":"2014-10-31T13:17:03","date_gmt":"2014-10-31T13:17:03","guid":{"rendered":"http:\/\/blog.fs1.tv\/kult\/?page_id=2"},"modified":"2015-05-27T12:01:45","modified_gmt":"2015-05-27T10:01:45","slug":"sample-page","status":"publish","type":"page","link":"https:\/\/blog.fs1.tv\/kult\/sample-page\/","title":{"rendered":"\u00dcber das Kulturmagazin"},"content":{"rendered":"<p>Als<strong> TV-Version des bew\u00e4hrten &#8222;Kultplanes&#8220;<\/strong> (Dachverband Salzburger Kulturst\u00e4tten) stehen eure Kulturveranstaltungen als Vorschau, R\u00fcckblick, als Feature oder inhaltlicher Beitrag im Mittelpunkt. Ihr habt die M\u00f6glichkeit eure Veranstaltungen, eure k\u00fcnstlerischen Schwerpunkte, die kulturpolitischen Anliegen u.v.m. monatlich neu im Kulturmagazin von FS1 einzubringen.<\/p>\n<p>F\u00fcr Infos an die Redaktion des\u00a0Kulturmagazins:<br \/>\n<a href=\"mailto:kult@fs1.tv\">kult@fs1.tv<\/a><\/p>\n","protected":false},"excerpt":{"rendered":"<p>Als TV-Version des bew\u00e4hrten &#8222;Kultplanes&#8220; (Dachverband Salzburger Kulturst\u00e4tten) stehen eure Kulturveranstaltungen als Vorschau, R\u00fcckblick, als Feature oder inhaltlicher Beitrag im Mittelpunkt. Ihr habt die M\u00f6glichkeit eure Veranstaltungen, eure k\u00fcnstlerischen Schwerpunkte, die kulturpolitischen Anliegen u.v.m. monatlich neu im Kulturmagazin von FS1 einzubringen. F\u00fcr Infos an die Redaktion des\u00a0Kulturmagazins: kult@fs1.tv<\/p>\n","protected":false},"author":690,"featured_media":0,"parent":0,"menu_order":0,"comment_status":"open","ping_status":"open","template":"","meta":{"footnotes":""},"class_list":["post-2","page","type-page","status-publish","hentry"],"_links":{"self":[{"href":"https:\/\/blog.fs1.tv\/kult\/wp-json\/wp\/v2\/pages\/2","targetHints":{"allow":["GET"]}}],"collection":[{"href":"https:\/\/blog.fs1.tv\/kult\/wp-json\/wp\/v2\/pages"}],"about":[{"href":"https:\/\/blog.fs1.tv\/kult\/wp-json\/wp\/v2\/types\/page"}],"author":[{"embeddable":true,"href":"https:\/\/blog.fs1.tv\/kult\/wp-json\/wp\/v2\/users\/690"}],"replies":[{"embeddable":true,"href":"https:\/\/blog.fs1.tv\/kult\/wp-json\/wp\/v2\/comments?post=2"}],"version-history":[{"count":2,"href":"https:\/\/blog.fs1.tv\/kult\/wp-json\/wp\/v2\/pages\/2\/revisions"}],"predecessor-version":[{"id":15,"href":"https:\/\/blog.fs1.tv\/kult\/wp-json\/wp\/v2\/pages\/2\/revisions\/15"}],"wp:attachment":[{"href":"https:\/\/blog.fs1.tv\/kult\/wp-json\/wp\/v2\/media?parent=2"}],"curies":[{"name":"wp","href":"https:\/\/api.w.org\/{rel}","templated":true}]}}