{"id":59,"date":"2016-03-02T23:48:49","date_gmt":"2016-03-02T22:48:49","guid":{"rendered":"http:\/\/www.grenzgang2016.net\/?page_id=59"},"modified":"2018-03-24T03:50:17","modified_gmt":"2018-03-24T02:50:17","slug":"preise","status":"publish","type":"page","link":"https:\/\/blog.fs1.tv\/grenzgang2016\/preise\/","title":{"rendered":"Wettbewerb"},"content":{"rendered":"<p>Die besten Beitr\u00e4ge und interessantesten Geschichten werden im Februar 2017 mit dem <strong>Jugend-Medien-Preis 20.16<\/strong>\u00a0 ausgezeichnet und im TV,\u00a0<a href=\"http:\/\/fs1.tv\"><strong>FS1<\/strong><\/a>, und Radio,\u00a0<a href=\"http:\/\/radiofabrik.at\"><strong>Radiofabrik<\/strong><\/a><strong>,<\/strong>\u00a0in Salzburg gesendet.<\/p>\n<p><strong><a href=\"http:\/\/www.s-pass.at\">S-Pass, die Salzburger Jugendkarte<\/a>,<\/strong> stellt attraktive Preise zur Verf\u00fcgung:<\/p>\n<p>&#8211; \u00d6BB Reisegutschein im Wert von 150 Euro<br \/>\n&#8211; Einkaufsgutschein f\u00fcr die Shopping Arena im Wert von 100 Euro<\/p>\n<p>Lade deinen Beitrag ob Video, Audio oder Foto \u00fcber die\u00a0<strong><a href=\"\/grenzgang2016\/deine-geschichte\/\" target=\"_blank\" rel=\"noopener\">Uploadfunktion<\/a><\/strong>\u00a0auf dieser Site hoch\u00a0<em><strong>oder<\/strong><\/em>\u00a0verkn\u00fcpfe deine bestehenden Beitr\u00e4ge auf Youtube, Vimeo, Soundcloud etc. mit\u00a0<strong><a href=\"\/grenzgang2016\/deine-geschichte\/\" target=\"_blank\" rel=\"noopener\">Grenzgang2016<\/a><\/strong>. Folge einfach den Anweisungen. Innerhalb von 2 Tagen wird Dein Beitrag freigeschaltet und nimmt automatisch am Wettbewerb teil.<\/p>\n","protected":false},"excerpt":{"rendered":"<p>Die besten Beitr\u00e4ge und interessantesten Geschichten werden im Februar 2017 mit dem Jugend-Medien-Preis 20.16\u00a0 ausgezeichnet und im TV,\u00a0FS1, und Radio,\u00a0Radiofabrik,\u00a0in Salzburg gesendet. S-Pass, die Salzburger Jugendkarte, stellt attraktive Preise zur Verf\u00fcgung: &#8211; \u00d6BB Reisegutschein im Wert von 150 Euro &#8211; Einkaufsgutschein f\u00fcr die Shopping Arena im Wert von 100 Euro Lade deinen Beitrag ob Video, [&hellip;]<\/p>\n","protected":false},"author":717,"featured_media":0,"parent":0,"menu_order":0,"comment_status":"closed","ping_status":"closed","template":"","meta":{"_acf_changed":false,"footnotes":""},"class_list":["post-59","page","type-page","status-publish","hentry"],"acf":[],"_links":{"self":[{"href":"https:\/\/blog.fs1.tv\/grenzgang2016\/wp-json\/wp\/v2\/pages\/59","targetHints":{"allow":["GET"]}}],"collection":[{"href":"https:\/\/blog.fs1.tv\/grenzgang2016\/wp-json\/wp\/v2\/pages"}],"about":[{"href":"https:\/\/blog.fs1.tv\/grenzgang2016\/wp-json\/wp\/v2\/types\/page"}],"author":[{"embeddable":true,"href":"https:\/\/blog.fs1.tv\/grenzgang2016\/wp-json\/wp\/v2\/users\/717"}],"replies":[{"embeddable":true,"href":"https:\/\/blog.fs1.tv\/grenzgang2016\/wp-json\/wp\/v2\/comments?post=59"}],"version-history":[{"count":14,"href":"https:\/\/blog.fs1.tv\/grenzgang2016\/wp-json\/wp\/v2\/pages\/59\/revisions"}],"predecessor-version":[{"id":455,"href":"https:\/\/blog.fs1.tv\/grenzgang2016\/wp-json\/wp\/v2\/pages\/59\/revisions\/455"}],"wp:attachment":[{"href":"https:\/\/blog.fs1.tv\/grenzgang2016\/wp-json\/wp\/v2\/media?parent=59"}],"curies":[{"name":"wp","href":"https:\/\/api.w.org\/{rel}","templated":true}]}}