{"id":16,"date":"2015-12-03T13:15:50","date_gmt":"2015-12-03T12:15:50","guid":{"rendered":"http:\/\/blog.fs1.tv\/grenzgang2016\/?page_id=16"},"modified":"2016-04-13T10:56:14","modified_gmt":"2016-04-13T08:56:14","slug":"deine-geschichte","status":"publish","type":"page","link":"https:\/\/blog.fs1.tv\/grenzgang2016\/deine-geschichte\/","title":{"rendered":"Beitrag hochladen"},"content":{"rendered":"<p>Lade deinen Beitrag ob Video, Audiofile oder Fotostory \u00fcber die Uploadfunktion hoch <em><strong>oder<\/strong><\/em> verkn\u00fcpfe deine bestehenden Beitr\u00e4ge auf Youtube, Vimeo, Soundcloud etc. mit Grenzgang2016. Folge einfach den Anweisungen. Innerhalb von 2 Tagen wird dein Beitrag freigeschaltet und nimmt automatisch am Wettbewerb teil.<\/p>\n<div class=\"caldera-grid\" id=\"caldera_form_1\" data-cf-ver=\"1.9.7\" data-cf-form-id=\"CF56609a9a68d75\"><div id=\"caldera_notices_1\" data-spinner=\"https:\/\/blog.fs1.tv\/grenzgang2016\/wp-admin\/images\/spinner.gif\"><\/div><form data-instance=\"1\" class=\"CF56609a9a68d75 caldera_forms_form cfajax-trigger\" method=\"POST\" enctype=\"multipart\/form-data\" id=\"CF56609a9a68d75_1\" data-form-id=\"CF56609a9a68d75\" aria-label=\"Neue Grenzg&auml;ngerStroy\" data-target=\"#caldera_notices_1\" data-template=\"#cfajax_CF56609a9a68d75-tmpl\" data-cfajax=\"CF56609a9a68d75\" data-load-element=\"_parent\" data-load-class=\"cf_processing\" data-post-disable=\"0\" data-action=\"cf_process_ajax_submit\" data-request=\"https:\/\/blog.fs1.tv\/grenzgang2016\/cf-api\/CF56609a9a68d75\" data-hiderows=\"true\">\r\n<input type=\"hidden\" id=\"_cf_verify_CF56609a9a68d75\" name=\"_cf_verify\" value=\"acdd3a18d7\"  data-nonce-time=\"1777540413\" \/><input type=\"hidden\" name=\"_wp_http_referer\" value=\"\/grenzgang2016\/wp-json\/wp\/v2\/pages\/16\" \/><div id=\"cf2-CF56609a9a68d75_1\"><\/div><input type=\"hidden\" name=\"_cf_frm_id\" value=\"CF56609a9a68d75\">\r\n<input type=\"hidden\" name=\"_cf_frm_ct\" value=\"1\">\r\n<input type=\"hidden\" name=\"cfajax\" value=\"CF56609a9a68d75\">\r\n<input type=\"hidden\" name=\"_cf_cr_pst\" value=\"16\">\r\n<div class=\"hide\" style=\"display:none; overflow:hidden;height:0;width:0;\">\r\n<label>Order Number<\/label><input type=\"text\" name=\"order_number\" value=\"\" autocomplete=\"off\">\r\n<\/div><div id=\"CF56609a9a68d75_1-row-1\"  class=\"row  single\"><div  class=\"col-sm-12  single\"><div class=\"\"><h2>Deine Kontaktdaten<\/h2>\n<\/div><div data-field-wrapper=\"fld_4633101\" class=\"form-group\" id=\"fld_4633101_1-wrap\">\r\n\t<label id=\"fld_4633101Label\" for=\"fld_4633101_1\" class=\"control-label\">Name <span aria-hidden=\"true\" role=\"presentation\" class=\"field_required\" style=\"color:#ee0000;\">*<\/span><\/label>\r\n\t<div class=\"\">\r\n\t\t<input placeholder=\"Gib Deinen Namen an unter dem der Beitrag erscheint\"  required type=\"text\" data-field=\"fld_4633101\" class=\" form-control\" id=\"fld_4633101_1\" name=\"fld_4633101\" value=\"\" data-type=\"text\" aria-required=\"true\"   aria-labelledby=\"fld_4633101Label\" >\t\t\t<\/div>\r\n<\/div>\r\n<div data-field-wrapper=\"fld_6904923\" class=\"form-group\" id=\"fld_6904923_1-wrap\">\r\n\t<label id=\"fld_6904923Label\" for=\"fld_6904923_1\" class=\"control-label\">E-Mail <span aria-hidden=\"true\" role=\"presentation\" class=\"field_required\" style=\"color:#ee0000;\">*<\/span><\/label>\r\n\t<div class=\"\">\r\n\t\t<input placeholder=\"Gib eine g\u00fcltige E-Mail-Adresse an\"  required type=\"email\" data-field=\"fld_6904923\" class=\" form-control\" id=\"fld_6904923_1\" name=\"fld_6904923\" value=\"\" data-type=\"email\" aria-required=\"true\"   aria-labelledby=\"fld_6904923Label\" >\t\t\t<\/div>\r\n<\/div>\r\n<div class=\"\"><h2>Dein Beitrag<\/h2>\n<\/div><div data-field-wrapper=\"fld_7096338\" class=\"form-group\" id=\"fld_7096338_1-wrap\">\r\n\t<label id=\"fld_7096338Label\" for=\"fld_7096338_1\" class=\"control-label\">Titel <span aria-hidden=\"true\" role=\"presentation\" class=\"field_required\" style=\"color:#ee0000;\">*<\/span><\/label>\r\n\t<div class=\"\">\r\n\t\t<input placeholder=\"Unter diesem Titel wird dein Beitrag zu finden sein\"  required type=\"text\" data-field=\"fld_7096338\" class=\" form-control\" id=\"fld_7096338_1\" name=\"fld_7096338\" value=\"\" data-type=\"text\" aria-required=\"true\"   aria-labelledby=\"fld_7096338Label\" >\t\t\t<\/div>\r\n<\/div>\r\n<div data-field-wrapper=\"fld_943265\" class=\"form-group\" id=\"fld_943265_1-wrap\">\r\n\t<label id=\"fld_943265Label\" for=\"fld_943265_1\" class=\"control-label\">Deine Geschichte <span aria-hidden=\"true\" role=\"presentation\" class=\"field_required\" style=\"color:#ee0000;\">*<\/span><\/label>\r\n\t<div class=\"\">\r\n\t\t<textarea name=\"fld_943265\" value=\"\" data-field=\"fld_943265\" class=\"form-control\" id=\"fld_943265_1\" rows=\"4\" placeholder=\"Gib eine Beschreibung Deines Beitrags an\"  required=\"required\"  aria-labelledby=\"fld_943265Label\" ><\/textarea>\n\t\t\t<\/div>\r\n<\/div>\r\n<div data-field-wrapper=\"fld_7721491\" class=\"form-group\" id=\"fld_7721491_1-wrap\">\r\n\t<label id=\"fld_7721491Label\" for=\"fld_7721491_1\" class=\"control-label\">Titelbild<\/label>\r\n\t<div class=\"file-prevent-overflow\">\r\n\t\t<div id=\"fld_7721491_1_file_list\" class=\"cf-multi-uploader-list\"><\/div>\n\t\t\t\t<input type=\"file\" name=\"fld_7721491\" value=\"\" data-field=\"fld_7721491\" class=\"\" id=\"fld_7721491_1\" data-controlid=\"trupl69f31d3d5e7e7\"      aria-labelledby=\"fld_7721491Label\">\n\t\t<input type=\"hidden\" name=\"fld_7721491\" value=\"trupl69f31d3d5e7e7\">\n\t\t\t<\/div>\r\n<\/div>\r\n<div data-field-wrapper=\"fld_7853732\" class=\"form-group\" id=\"fld_7853732_1-wrap\">\r\n<label id=\"fld_7853732Label\" for=\"fld_7853732_1\" class=\"control-label\">Medientyp<\/label>\r\n<div class=\"\">\r\n\t\t\t\t<label class=\"radio-inline\" data-label=\"Bild\" for=\"fld_7853732_1_opt1657617\"><input type=\"radio\" id=\"fld_7853732_1_opt1657617\" data-field=\"fld_7853732\" class=\"fld_7853732_1\" name=\"fld_7853732\" value=\"Bild\"    data-radio-field=\"fld_7853732_1\" data-type=\"radio\" data-calc-value=\"Bild\" \/>\n\t\t\tBild\t\t<\/label>\n\t\t\t\t\t\t\t\t<label class=\"radio-inline\" data-label=\"Video\" for=\"fld_7853732_1_opt1472155\"><input type=\"radio\" id=\"fld_7853732_1_opt1472155\" data-field=\"fld_7853732\" class=\"fld_7853732_1\" name=\"fld_7853732\" value=\"Video\"    data-radio-field=\"fld_7853732_1\" data-type=\"radio\" data-calc-value=\"Video\" \/>\n\t\t\tVideo\t\t<\/label>\n\t\t\t\t\t\t\t\t<label class=\"radio-inline\" data-label=\"Audio\" for=\"fld_7853732_1_opt1516180\"><input type=\"radio\" id=\"fld_7853732_1_opt1516180\" data-field=\"fld_7853732\" class=\"fld_7853732_1\" name=\"fld_7853732\" value=\"Audio\"    data-radio-field=\"fld_7853732_1\" data-type=\"radio\" data-calc-value=\"Audio\" \/>\n\t\t\tAudio\t\t<\/label>\n\t\t\t\t<\/div>\r\n<\/div>\r\n<div data-field-wrapper=\"fld_9955047\" class=\"form-group\" id=\"fld_9955047_1-wrap\">\r\n\t<label id=\"fld_9955047Label\" for=\"fld_9955047_1\" class=\"control-label\">Entweder: Link zu Deinen Medien<\/label>\r\n\t<div class=\"\">\r\n\t\t<input placeholder=\"Bitte gib den Link zu Deinem Beitrag auf  YouTube, SoundCloud, etc. an\"   type=\"text\" data-field=\"fld_9955047\" class=\" form-control\" id=\"fld_9955047_1\" name=\"fld_9955047\" value=\"\" data-type=\"text\"   aria-labelledby=\"fld_9955047Label\" >\t\t\t<\/div>\r\n<\/div>\r\n<div data-field-wrapper=\"fld_2569178\" class=\"form-group\" id=\"fld_2569178_1-wrap\">\r\n\t<label id=\"fld_2569178Label\" for=\"fld_2569178_1\" class=\"control-label\">Oder: Mediendateien hochladen<\/label>\r\n\t\t<div class=\"\">\r\n\t\t\t<div\n\t\t\t\t\tid=\"fld_2569178_1_file_list\"\n\t\t\t\t\tdata-id=\"fld_2569178_1\"\n\t\t\t\t\tdata-field=\"fld_2569178\"\n\t\t\t\t\tclass=\"cf-multi-uploader-list\"\n\t\t\t><\/div>\n\n\t\t\t<button\n\t\t\t\t\tid=\"fld_2569178_1_trigger\"\n\t\t\t\t\ttype=\"button\"\n\t\t\t\t\tclass=\"btn btn-block cf-uploader-trigger\"\n\t\t\t\t\tdata-parent=\"fld_2569178_1\"\n\t\t\t>\n\t\t\t\tDatei ausw\u00e4hlen\t\t\t<\/button>\n\n\t\t\t<input\n\t\t\t\t\tstyle=\"display:none;\" accept=\".mp4,.mp3,.mov,.avi,.ogg,.pdf,.gif,.jpeg,.jpg,.txt,.png,.MP4,.MP3,.MOV,.AVI,.OGG,.PDF,.GIF,.JPG,.JPEG,.TXT,.PNG\"\t\t\t\t\tclass=\"cf-multi-uploader\"\n\t\t\t\t\tdata-config=\"{&quot;custom_class&quot;:&quot;&quot;,&quot;multi_upload&quot;:1,&quot;multi_upload_text&quot;:&quot;Datei ausw\\u00e4hlen&quot;,&quot;allowed&quot;:{&quot;0&quot;:&quot;video\\\/mp4&quot;,&quot;1&quot;:&quot;mp4&quot;,&quot;2&quot;:&quot;audio\\\/mpeg&quot;,&quot;3&quot;:&quot;mp3&quot;,&quot;4&quot;:&quot;video\\\/quicktime&quot;,&quot;5&quot;:&quot;mov&quot;,&quot;6&quot;:&quot;video\\\/avi&quot;,&quot;7&quot;:&quot;avi&quot;,&quot;8&quot;:false,&quot;10&quot;:&quot;application\\\/pdf&quot;,&quot;11&quot;:&quot;pdf&quot;,&quot;12&quot;:&quot;image\\\/gif&quot;,&quot;13&quot;:&quot;gif&quot;,&quot;14&quot;:&quot;image\\\/jpeg&quot;,&quot;15&quot;:&quot;jpeg&quot;,&quot;17&quot;:&quot;jpg&quot;,&quot;20&quot;:&quot;image\\\/png&quot;,&quot;21&quot;:&quot;png&quot;,&quot;23&quot;:&quot;MP4&quot;,&quot;25&quot;:&quot;MP3&quot;,&quot;27&quot;:&quot;MOV&quot;,&quot;29&quot;:&quot;AVI&quot;,&quot;33&quot;:&quot;PDF&quot;,&quot;35&quot;:&quot;GIF&quot;,&quot;37&quot;:&quot;JPG&quot;,&quot;39&quot;:&quot;JPEG&quot;,&quot;43&quot;:&quot;PNG&quot;,&quot;44&quot;:&quot;audio\\\/mp3&quot;},&quot;max_size&quot;:1048576000,&quot;notices&quot;:{&quot;file_exceeds_size_limit&quot;:&quot;File exceeds the maximum upload size for this site.&quot;,&quot;zero_byte_file&quot;:&quot;This file is empty. Please try another.&quot;,&quot;invalid_filetype&quot;:&quot;This file type is not allowed. Please try another.&quot;}}\"\n\t\t\t\t\tdata-controlid=\"trupl69f31d3d5f0b9\"   multiple=\"multiple\"\t\t\t\t\ttype=\"file\"\n\t\t\t\t\tdata-field=\"fld_2569178\"\n\t\t\t\t\tid=\"fld_2569178_1\"\n\t\t\t\t\tname=\"fld_2569178\" >\n\t\t\t<input\n\t\t\t\t\tstyle=\"display:none;\"\n\t\t\t\t\ttype=\"text\"\n\t\t\t\t\tid=\"fld_2569178_1_validator\"\n\t\t\t\t\tdata-field=\"fld_2569178\"\n\t\t\t\t\tdata-parsley-file-type=\"true\"  >\n\t\t\t<input\n\t\t\t\t\ttype=\"hidden\"\n\t\t\t\t\tname=\"fld_2569178\"\n\t\t\t\t\tvalue=\"trupl69f31d3d5f0b9\"\n\t\t\t>\n\t\t\t\t<\/div>\r\n<\/div>\r\n<div data-field-wrapper=\"fld_4242173\" class=\"form-group\" id=\"fld_4242173_1-wrap\">\r\n\t<label id=\"fld_4242173Label\" for=\"fld_4242173_1\" class=\"control-label\">Adresse des Grenzgangs <span aria-hidden=\"true\" role=\"presentation\" class=\"field_required\" style=\"color:#ee0000;\">*<\/span><\/label>\r\n\t<div class=\"\">\r\n\t\t<input placeholder=\"Gib einen Ort zu Deinem Beitrag an\"  required type=\"text\" data-field=\"fld_4242173\" class=\" form-control\" id=\"fld_4242173_1\" name=\"fld_4242173\" value=\"\" data-type=\"text\" aria-required=\"true\"   aria-labelledby=\"fld_4242173Label\" >\t\t\t<\/div>\r\n<\/div>\r\n<input    type=\"hidden\" data-field=\"fld_6270037\" class=\" form-control\" id=\"fld_6270037_1\" name=\"fld_6270037\" value=\"{geo_location_search:lng}\" data-type=\"hidden\"   ><input    type=\"hidden\" data-field=\"fld_7306214\" class=\" form-control\" id=\"fld_7306214_1\" name=\"fld_7306214\" value=\"{geo_location_search:lng}\" data-type=\"hidden\"   ><input    type=\"hidden\" data-field=\"fld_3485636\" class=\" form-control\" id=\"fld_3485636_1\" name=\"fld_3485636\" value=\"{geo_location_search:formatted_address}\" data-type=\"hidden\"   ><div data-field-wrapper=\"fld_6597205\" class=\"form-group\" id=\"fld_6597205_1-wrap\">\r\n<div class=\"\">\r\n\t<input  class=\"btn btn-default\" type=\"submit\" name=\"fld_6597205\" id=\"fld_6597205_1\" value=\"Beitrag abschicken\" data-field=\"fld_6597205\"  >\n<\/div>\r\n<\/div>\r\n\t<input class=\"button_trigger_1\" type=\"hidden\" name=\"fld_6597205\" id=\"fld_6597205_1_btn\" value=\"\" data-field=\"fld_6597205\"  \/>\n<\/div><\/div><\/form>\r\n<\/div>\r\n\t<script>\n\n\t\tvar geolocation_search_init;\n\t\tjQuery( function($){\n\t\t\tvar gmap_map_init = false,\n\t\t\t\tform = $('form.CF56609a9a68d75');\n\t\t\tgeolocation_search_init = function() {\n\t\t\t\t\n\t\t\t\t\/\/ Create the search box and link it to the UI element.\n\t\t\t\tvar input_fp_26343579 = document.getElementById('fld_4242173_1'),\n\t\t\t\t\tlng_fp_26343579 = $('<input>', {'value' : '.','type': 'hidden', 'name' : 'lng_fp_26343579', 'id' : 'lng_fp_26343579'}),\n\t\t\t\t\tlat_fp_26343579 = $('<input>', {'value' : '.','type': 'hidden', 'name' : 'lat_fp_26343579', 'id' : 'lat_fp_26343579'}),\n\t\t\t\t\tplace_fp_26343579 = $('<input>', {'value' : '.','type': 'hidden', 'name' : 'place_fp_26343579', 'id' : 'place_fp_26343579'}),\n\t\t\t\t\tformatted_address_fp_26343579 = $('<input>', {'value' : '.','type': 'hidden', 'name' : 'formatted_address_fp_26343579', 'id' : 'formatted_address_fp_26343579'});\n\n\t\t\t\t\/\/add longlat fields\n\t\t\t\tlng_fp_26343579.appendTo( form );\n\t\t\t\tlat_fp_26343579.appendTo( form );\n\t\t\t\tplace_fp_26343579.appendTo( form );\n\t\t\t\tformatted_address_fp_26343579.appendTo( form );\n\n\t\t\t\t\/\/ stop enter from submitting\n\t\t\t\t$(input_fp_26343579).on('keypress', function(e){\n\t\t\t\t\tif(e.keyCode === 13){\n\t\t\t\t\t\te.preventDefault();\n\t\t\t\t\t}\n\t\t\t\t});\n\t\t\t\tvar searchBox_fp_26343579 = new google.maps.places.Autocomplete(input_fp_26343579);\n\t\t\t\tsearchBox_fp_26343579.setTypes( [\"address\",\"establishment\",\"geocode\"] );\n\t\t\t\tgoogle.maps.event.addListener(searchBox_fp_26343579, 'place_changed', function() {\n\t\t\t\t\tvar place = searchBox_fp_26343579.getPlace();\n\t\t\t\t\tif( place.photos ){\n\t\t\t\t\t\tfor( var i =0; i < place.photos.length; i++){\n\t\t\t\t\t\t\tplace.photos[ i ].small = place.photos[ i ].getUrl( { 'maxWidth': 100, 'maxHeight': 100 } );\n\t\t\t\t\t\t\tplace.photos[ i ].full = place.photos[ i ].getUrl( { 'maxWidth': place.photos[ i ].width, 'maxHeight': place.photos[ i ].height } );\n\t\t\t\t\t\t}\n\t\t\t\t\t}\n\t\t\t\t\tif( place.geometry ){\n\t\t\t\t\t\tlng_fp_26343579.val( place.geometry.location.lng() ).trigger('change');\n\t\t\t\t\t\tlat_fp_26343579.val( place.geometry.location.lat() ).trigger('change');\n\t\t\t\t\t\tplace.location = {\n\t\t\t\t\t\t\tlng : place.geometry.location.lng(),\n\t\t\t\t\t\t\tlat : place.geometry.location.lat()\n\t\t\t\t\t\t};\n\t\t\t\t\t};\n\t\t\t\t\tplace_fp_26343579.val( JSON.stringify( place ) );\n\t\t\t\t\tformatted_address_fp_26343579.val( place.formatted_address );\n\t\t\t\t});\n\t\t\t\t\n\t\t\t\t\/\/ Create the search box and link it to the UI element.\n\t\t\t\tvar input_fp_26343579 = document.getElementById('fld_4242173_1'),\n\t\t\t\t\tlng_fp_26343579 = $('<input>', {'value' : '.','type': 'hidden', 'name' : 'lng_fp_26343579', 'id' : 'lng_fp_26343579'}),\n\t\t\t\t\tlat_fp_26343579 = $('<input>', {'value' : '.','type': 'hidden', 'name' : 'lat_fp_26343579', 'id' : 'lat_fp_26343579'}),\n\t\t\t\t\tplace_fp_26343579 = $('<input>', {'value' : '.','type': 'hidden', 'name' : 'place_fp_26343579', 'id' : 'place_fp_26343579'}),\n\t\t\t\t\tformatted_address_fp_26343579 = $('<input>', {'value' : '.','type': 'hidden', 'name' : 'formatted_address_fp_26343579', 'id' : 'formatted_address_fp_26343579'});\n\n\t\t\t\t\/\/add longlat fields\n\t\t\t\tlng_fp_26343579.appendTo( form );\n\t\t\t\tlat_fp_26343579.appendTo( form );\n\t\t\t\tplace_fp_26343579.appendTo( form );\n\t\t\t\tformatted_address_fp_26343579.appendTo( form );\n\n\t\t\t\t\/\/ stop enter from submitting\n\t\t\t\t$(input_fp_26343579).on('keypress', function(e){\n\t\t\t\t\tif(e.keyCode === 13){\n\t\t\t\t\t\te.preventDefault();\n\t\t\t\t\t}\n\t\t\t\t});\n\t\t\t\tvar searchBox_fp_26343579 = new google.maps.places.Autocomplete(input_fp_26343579);\n\t\t\t\tsearchBox_fp_26343579.setTypes( [\"address\",\"establishment\",\"geocode\"] );\n\t\t\t\tgoogle.maps.event.addListener(searchBox_fp_26343579, 'place_changed', function() {\n\t\t\t\t\tvar place = searchBox_fp_26343579.getPlace();\n\t\t\t\t\tif( place.photos ){\n\t\t\t\t\t\tfor( var i =0; i < place.photos.length; i++){\n\t\t\t\t\t\t\tplace.photos[ i ].small = place.photos[ i ].getUrl( { 'maxWidth': 100, 'maxHeight': 100 } );\n\t\t\t\t\t\t\tplace.photos[ i ].full = place.photos[ i ].getUrl( { 'maxWidth': place.photos[ i ].width, 'maxHeight': place.photos[ i ].height } );\n\t\t\t\t\t\t}\n\t\t\t\t\t}\n\t\t\t\t\tif( place.geometry ){\n\t\t\t\t\t\tlng_fp_26343579.val( place.geometry.location.lng() ).trigger('change');\n\t\t\t\t\t\tlat_fp_26343579.val( place.geometry.location.lat() ).trigger('change');\n\t\t\t\t\t\tplace.location = {\n\t\t\t\t\t\t\tlng : place.geometry.location.lng(),\n\t\t\t\t\t\t\tlat : place.geometry.location.lat()\n\t\t\t\t\t\t};\n\t\t\t\t\t};\n\t\t\t\t\tplace_fp_26343579.val( JSON.stringify( place ) );\n\t\t\t\t\tformatted_address_fp_26343579.val( place.formatted_address );\n\t\t\t\t});\n\t\t\t\t\t\t\t}\n\t\t});\n\n\n\t\tfunction gmap_loadScript() {\n\t\t\tvar script = document.createElement('script');\n\t\t\tscript.type = 'text\/javascript';\n\t\t\tscript.src = 'https:\/\/maps.googleapis.com\/maps\/api\/js?v=3.exp&libraries=places&' +\n\t\t\t'callback=geolocation_search_init';\n\t\t\tdocument.body.appendChild(script);\n\t\t}\n\n\t\tgmap_loadScript();\n\n\n\t<\/script>\n\t\n","protected":false},"excerpt":{"rendered":"<p>Lade deinen Beitrag ob Video, Audiofile oder Fotostory \u00fcber die Uploadfunktion hoch oder verkn\u00fcpfe deine bestehenden Beitr\u00e4ge auf Youtube, Vimeo, Soundcloud etc. mit Grenzgang2016. Folge einfach den Anweisungen. Innerhalb von 2 Tagen wird dein Beitrag freigeschaltet und nimmt automatisch am Wettbewerb teil.<\/p>\n","protected":false},"author":717,"featured_media":0,"parent":0,"menu_order":0,"comment_status":"closed","ping_status":"closed","template":"","meta":{"_acf_changed":false,"footnotes":""},"class_list":["post-16","page","type-page","status-publish","hentry"],"acf":[],"_links":{"self":[{"href":"https:\/\/blog.fs1.tv\/grenzgang2016\/wp-json\/wp\/v2\/pages\/16","targetHints":{"allow":["GET"]}}],"collection":[{"href":"https:\/\/blog.fs1.tv\/grenzgang2016\/wp-json\/wp\/v2\/pages"}],"about":[{"href":"https:\/\/blog.fs1.tv\/grenzgang2016\/wp-json\/wp\/v2\/types\/page"}],"author":[{"embeddable":true,"href":"https:\/\/blog.fs1.tv\/grenzgang2016\/wp-json\/wp\/v2\/users\/717"}],"replies":[{"embeddable":true,"href":"https:\/\/blog.fs1.tv\/grenzgang2016\/wp-json\/wp\/v2\/comments?post=16"}],"version-history":[{"count":7,"href":"https:\/\/blog.fs1.tv\/grenzgang2016\/wp-json\/wp\/v2\/pages\/16\/revisions"}],"predecessor-version":[{"id":170,"href":"https:\/\/blog.fs1.tv\/grenzgang2016\/wp-json\/wp\/v2\/pages\/16\/revisions\/170"}],"wp:attachment":[{"href":"https:\/\/blog.fs1.tv\/grenzgang2016\/wp-json\/wp\/v2\/media?parent=16"}],"curies":[{"name":"wp","href":"https:\/\/api.w.org\/{rel}","templated":true}]}}