{"id":48,"date":"2011-10-07T10:00:49","date_gmt":"2011-10-07T10:00:49","guid":{"rendered":"http:\/\/blog.radiofabrik.at\/fs1\/?page_id=48"},"modified":"2025-03-22T21:23:16","modified_gmt":"2025-03-22T20:23:16","slug":"standort-salzburg","status":"publish","type":"page","link":"https:\/\/blog.fs1.tv\/fs1-old\/standort-salzburg\/","title":{"rendered":"Standort Salzburg"},"content":{"rendered":"<h2>Umfeld und Bedarf<\/h2>\n<p>Der <strong>Medienstandort Salzburg-Stadt<\/strong> hat sich mit kommerziellen TV-Unternehmen wie: Servus-TV, Salzburg Plus sowie dem ORF zum <strong>gr\u00f6\u00dften Standort f\u00fcr Fernsehen au\u00dferhalb Wiens<\/strong> entwickelt. Dabei bietet keines der o.g. Medienangebote einen eindeutigen als auch ausreichenden regionalen Bezug zu den Menschen in Salzburg.<\/p>\n<p><strong>FS 1<\/strong> als klar definiertes und unabh\u00e4ngiges <strong>User Generated TV-Projekt<\/strong> schafft die M\u00f6glichkeit, Bed\u00fcrfnisse und Anliegen in Salzburg entsprechend abzubilden &#8211; von B\u00fcrgerinnen f\u00fcr B\u00fcrgerinnen. Partizipative Medienprojekte wie \u201eCommunity TV Salzburg\u201c schaffen einen <strong>bewussten Umgang mit der Flut von audiovisuellen medialen Angeboten<\/strong>. Kreative Medienarbeit bietet eine <strong>intensive inhaltliche Auseinandersetzung<\/strong> mit ausgew\u00e4hlten Themenbereichen und dient der <strong>eigenen Bestimmung von Lebenswelt und Wertekultur<\/strong>.<\/p>\n<p>Salzburg verf\u00fcgt \u00fcber eine ausdifferenzierte Szene von Ausbildungsst\u00e4tten f\u00fcr TV, Film, Kunst und Kultur, die auf hohem Niveau Bildung und Know-How anbieten. Gleichzeitig haben kleinere Kultur- und Jugendeinrichtungen, Kulturst\u00e4tten, Sozialeinrichtungen und unabh\u00e4ngige ProduzentInnen einen <strong>hohen Bedarf an medialer Pr\u00e4senz<\/strong>, der bisher nur im Radio \u00fcber die Radiofabrik geleistet wird.<\/p>\n<h2>Synergien<\/h2>\n<p>Community TV Salzburg bietet <strong>viele Synergien in den Bereichen Infrastruktur, Ausbildung und Medienbildung<\/strong>, oder Socialmedia. Aktion- Film, FH-Salzburg, Mozarteum und Radiofabrik bieten umfangreiche <strong>audiovisuelle Produktionsmittel<\/strong>. So stehen dem Projekt bereits im Vorfeld ausreichende E-Broadcasting-Sets zur Verf\u00fcgung. Neben technischer Ausr\u00fcstung und Know-How verf\u00fcgen viele Vereine und Ausbildungsst\u00e4tten bereits \u00fcber einen <strong>Fundus von gr\u00f6\u00dftenteils sehr anspruchsvollen Filmproduktionen<\/strong> , das st\u00e4ndig um neue Produktionen erweitert wird.<\/p>\n<p>FS 1 ist f\u00fcr diese Einrichtungen die <strong>Plattform zur Distribution und Ver\u00f6ffentlichung<\/strong>. FS 1 bieten dar\u00fcberhinaus diverse <strong>Ausbildungswege f\u00fcr Berufe im Medien- und Kulturbetrieb<\/strong> an. Gemeinsam mit den Partnereinrichtungen finden <strong>Studium und Lehre bei Community TV Salzburg<\/strong> eine gemeinsam Plattform zum Austausch von Kompetenz und Erfahrung.<\/p>\n<p>So beinhaltet das Konzept von \u201eCommunity TV Salzburg\u201c weit mehr als nur Fernsehen. Bereits bestehende Einrichtungen aus Bildung und Kultur bieten ein <strong>breites Spektrum an Synergien, Kooperationen und Vernetzung<\/strong>. Die Menschen in Salzburg k\u00f6nnen \u00fcber unterschiedliche Zug\u00e4nge in vielen Bereichen an diesem Projekt teilnehmen und \u201e<strong>Community TV Salzburg\u201c aktiv mitgestalten<\/strong>.<\/p>\n","protected":false},"excerpt":{"rendered":"<p>Umfeld und Bedarf Der Medienstandort Salzburg-Stadt hat sich mit kommerziellen TV-Unternehmen wie: Servus-TV, Salzburg Plus sowie dem ORF zum gr\u00f6\u00dften Standort f\u00fcr Fernsehen au\u00dferhalb Wiens entwickelt. Dabei bietet keines der o.g. Medienangebote einen eindeutigen als auch ausreichenden regionalen Bezug zu den Menschen in Salzburg. FS 1 als klar definiertes und unabh\u00e4ngiges User Generated TV-Projekt schafft [&hellip;]<\/p>\n","protected":false},"author":224,"featured_media":443,"parent":0,"menu_order":2,"comment_status":"closed","ping_status":"closed","template":"","meta":{"footnotes":""},"class_list":["post-48","page","type-page","status-publish","has-post-thumbnail","hentry"],"_links":{"self":[{"href":"https:\/\/blog.fs1.tv\/fs1-old\/wp-json\/wp\/v2\/pages\/48","targetHints":{"allow":["GET"]}}],"collection":[{"href":"https:\/\/blog.fs1.tv\/fs1-old\/wp-json\/wp\/v2\/pages"}],"about":[{"href":"https:\/\/blog.fs1.tv\/fs1-old\/wp-json\/wp\/v2\/types\/page"}],"author":[{"embeddable":true,"href":"https:\/\/blog.fs1.tv\/fs1-old\/wp-json\/wp\/v2\/users\/224"}],"replies":[{"embeddable":true,"href":"https:\/\/blog.fs1.tv\/fs1-old\/wp-json\/wp\/v2\/comments?post=48"}],"version-history":[{"count":6,"href":"https:\/\/blog.fs1.tv\/fs1-old\/wp-json\/wp\/v2\/pages\/48\/revisions"}],"predecessor-version":[{"id":82,"href":"https:\/\/blog.fs1.tv\/fs1-old\/wp-json\/wp\/v2\/pages\/48\/revisions\/82"}],"wp:featuredmedia":[{"embeddable":true,"href":"https:\/\/blog.fs1.tv\/fs1-old\/wp-json\/wp\/v2\/media\/443"}],"wp:attachment":[{"href":"https:\/\/blog.fs1.tv\/fs1-old\/wp-json\/wp\/v2\/media?parent=48"}],"curies":[{"name":"wp","href":"https:\/\/api.w.org\/{rel}","templated":true}]}}